{"id":227,"date":"2026-02-17T17:44:20","date_gmt":"2026-02-17T17:44:20","guid":{"rendered":"https:\/\/ampervadasz2025.hu\/?page_id=227"},"modified":"2026-02-17T17:49:34","modified_gmt":"2026-02-17T17:49:34","slug":"szemelyre-szabott-tanacsadas","status":"publish","type":"page","link":"https:\/\/ampervadasz2025.hu\/?page_id=227","title":{"rendered":"Szem\u00e9lyre szabott tan\u00e1csad\u00e1s"},"content":{"rendered":"\n<p>A szem\u00e9lyre szabott tan\u00e1csad\u00e1s lehet\u0151v\u00e9 teszi sz\u00e1munkra, hogy az \u00d6n( \u00fcgyf\u00e9l ) saj\u00e1t egy\u00e9ni ig\u00e9nyeire \u00e9s elk\u00e9pzel\u00e9se alapj\u00e1n val\u00f3s\u00edtsuk meg villamoss\u00e1gi berendez\u00e9seinek elhelyez\u00e9s\u00e9t illetve lak\u00e1s\u00e1ban tal\u00e1lhat\u00f3 villamoss\u00e1gi szerelv\u00e9nyeket .<strong>Az \u00e9p\u00fcletvillamoss\u00e1g \u00e9s g\u00e9p\u00e9szet tervez\u00e9s-tan\u00e1csad\u00e1s<\/strong>:<br>olyan tev\u00e9kenys\u00e9g, amely az \u00e9p\u00fcletek elektromos \u00e9s g\u00e9p\u00e9szeti rendszereinek (energiaell\u00e1t\u00e1s, k\u00f6zm\u0171vek, komfort- \u00e9s biztons\u00e1gi berendez\u00e9sek) megtervez\u00e9s\u00e9re, korszer\u0171s\u00edt\u00e9s\u00e9re, valamint a m\u0171k\u00f6d\u00e9s\u00fck hat\u00e9konys\u00e1g\u00e1nak, biztons\u00e1g\u00e1nak \u00e9s fenntarthat\u00f3s\u00e1g\u00e1nak jav\u00edt\u00e1s\u00e1ra ir\u00e1nyul.<\/p>\n","protected":false},"excerpt":{"rendered":"<p>A szem\u00e9lyre szabott tan\u00e1csad\u00e1s lehet\u0151v\u00e9 teszi sz\u00e1munkra, hogy az \u00d6n( \u00fcgyf\u00e9l ) saj\u00e1t egy\u00e9ni ig\u00e9nyeire \u00e9s elk\u00e9pzel\u00e9se alapj\u00e1n val\u00f3s\u00edtsuk meg villamoss\u00e1gi berendez\u00e9seinek elhelyez\u00e9s\u00e9t illetve lak\u00e1s\u00e1ban tal\u00e1lhat\u00f3 villamoss\u00e1gi szerelv\u00e9nyeket .Az \u00e9p\u00fcletvillamoss\u00e1g \u00e9s g\u00e9p\u00e9szet tervez\u00e9s-tan\u00e1csad\u00e1s:olyan tev\u00e9kenys\u00e9g, amely az \u00e9p\u00fcletek elektromos \u00e9s g\u00e9p\u00e9szeti rendszereinek (energiaell\u00e1t\u00e1s, k\u00f6zm\u0171vek, komfort- \u00e9s biztons\u00e1gi berendez\u00e9sek) megtervez\u00e9s\u00e9re, korszer\u0171s\u00edt\u00e9s\u00e9re, valamint a m\u0171k\u00f6d\u00e9s\u00fck hat\u00e9konys\u00e1g\u00e1nak, biztons\u00e1g\u00e1nak \u00e9s [&hellip;]<\/p>\n","protected":false},"author":1,"featured_media":0,"parent":0,"menu_order":0,"comment_status":"closed","ping_status":"closed","template":"","meta":{"footnotes":""},"class_list":["post-227","page","type-page","status-publish","hentry"],"_links":{"self":[{"href":"https:\/\/ampervadasz2025.hu\/index.php?rest_route=\/wp\/v2\/pages\/227","targetHints":{"allow":["GET"]}}],"collection":[{"href":"https:\/\/ampervadasz2025.hu\/index.php?rest_route=\/wp\/v2\/pages"}],"about":[{"href":"https:\/\/ampervadasz2025.hu\/index.php?rest_route=\/wp\/v2\/types\/page"}],"author":[{"embeddable":true,"href":"https:\/\/ampervadasz2025.hu\/index.php?rest_route=\/wp\/v2\/users\/1"}],"replies":[{"embeddable":true,"href":"https:\/\/ampervadasz2025.hu\/index.php?rest_route=%2Fwp%2Fv2%2Fcomments&post=227"}],"version-history":[{"count":2,"href":"https:\/\/ampervadasz2025.hu\/index.php?rest_route=\/wp\/v2\/pages\/227\/revisions"}],"predecessor-version":[{"id":237,"href":"https:\/\/ampervadasz2025.hu\/index.php?rest_route=\/wp\/v2\/pages\/227\/revisions\/237"}],"wp:attachment":[{"href":"https:\/\/ampervadasz2025.hu\/index.php?rest_route=%2Fwp%2Fv2%2Fmedia&parent=227"}],"curies":[{"name":"wp","href":"https:\/\/api.w.org\/{rel}","templated":true}]}}