{"id":224,"date":"2026-02-17T17:43:46","date_gmt":"2026-02-17T17:43:46","guid":{"rendered":"https:\/\/ampervadasz2025.hu\/?page_id=224"},"modified":"2026-02-17T17:48:17","modified_gmt":"2026-02-17T17:48:17","slug":"tervezes-es-fejlesztes","status":"publish","type":"page","link":"https:\/\/ampervadasz2025.hu\/?page_id=224","title":{"rendered":"Tervez\u00e9s \u00e9s fejleszt\u00e9s"},"content":{"rendered":"\n<h3 class=\"wp-block-heading\">1. \u00c9p\u00fcletvillamoss\u00e1g<\/h3>\n\n\n\n<p>Ide tartozik minden villamos rendszer \u00e9s berendez\u00e9s megtervez\u00e9se, fejleszt\u00e9se \u00e9s kivitelez\u00e9s\u00e9nek el\u0151k\u00e9sz\u00edt\u00e9se egy \u00e9p\u00fcletben. P\u00e9ld\u00e1k:<\/p>\n\n\n\n<ul class=\"wp-block-list\">\n<li>er\u0151s\u00e1ram\u00fa h\u00e1l\u00f3zat (eloszt\u00f3k, k\u00e1belez\u00e9s, vil\u00e1g\u00edt\u00e1s, dugaljak),<\/li>\n\n\n\n<li>gyenge\u00e1ram\u00fa rendszerek (t\u0171zjelz\u0151, riaszt\u00f3, bel\u00e9ptet\u0151, informatikai h\u00e1l\u00f3zat),<\/li>\n\n\n\n<li>vill\u00e1mv\u00e9delem, f\u00f6ldel\u00e9si rendszerek,<\/li>\n\n\n\n<li>okos\u00e9p\u00fclet-rendszerek.<\/li>\n<\/ul>\n\n\n\n<p><strong>Fogalma:<\/strong> az \u00e9p\u00fcletben sz\u00fcks\u00e9ges elektromos energia- \u00e9s inform\u00e1ci\u00f3ell\u00e1t\u00e1s biztons\u00e1gos, gazdas\u00e1gos, szabv\u00e1nyos \u00e9s fenntarthat\u00f3 kialak\u00edt\u00e1s\u00e1nak m\u00e9rn\u00f6ki folyamata.<\/p>\n\n\n\n<h3 class=\"wp-block-heading\">2. G\u00e9p\u00e9szet<\/h3>\n\n\n\n<p>Ez az \u00e9p\u00fcletg\u00e9p\u00e9szeti rendszerek megtervez\u00e9s\u00e9t \u00e9s fejleszt\u00e9s\u00e9t jelenti. P\u00e9ld\u00e1k:<\/p>\n\n\n\n<ul class=\"wp-block-list\">\n<li>f\u0171t\u00e9s, h\u0171t\u00e9s, szell\u0151z\u00e9s, kl\u00edma (HVAC),<\/li>\n\n\n\n<li>v\u00edzell\u00e1t\u00e1s \u00e9s csatorn\u00e1z\u00e1s,<\/li>\n\n\n\n<li>g\u00e1zell\u00e1t\u00e1s,<\/li>\n\n\n\n<li>meg\u00fajul\u00f3 energiaforr\u00e1sok (pl. h\u0151szivatty\u00fa, napkollektor).<\/li>\n<\/ul>\n\n\n\n<p><strong>Fogalma:<\/strong> az \u00e9p\u00fclet komfortj\u00e1t, eg\u00e9szs\u00e9ges m\u0171k\u00f6d\u00e9s\u00e9t \u00e9s energiahat\u00e9konys\u00e1g\u00e1t biztos\u00edt\u00f3 g\u00e9p\u00e9szeti rendszerek m\u00e9rn\u00f6ki tervez\u00e9se \u00e9s optimaliz\u00e1l\u00e1sa.<\/p>\n\n\n\n<p><\/p>\n","protected":false},"excerpt":{"rendered":"<p>1. \u00c9p\u00fcletvillamoss\u00e1g Ide tartozik minden villamos rendszer \u00e9s berendez\u00e9s megtervez\u00e9se, fejleszt\u00e9se \u00e9s kivitelez\u00e9s\u00e9nek el\u0151k\u00e9sz\u00edt\u00e9se egy \u00e9p\u00fcletben. P\u00e9ld\u00e1k: Fogalma: az \u00e9p\u00fcletben sz\u00fcks\u00e9ges elektromos energia- \u00e9s inform\u00e1ci\u00f3ell\u00e1t\u00e1s biztons\u00e1gos, gazdas\u00e1gos, szabv\u00e1nyos \u00e9s fenntarthat\u00f3 kialak\u00edt\u00e1s\u00e1nak m\u00e9rn\u00f6ki folyamata. 2. G\u00e9p\u00e9szet Ez az \u00e9p\u00fcletg\u00e9p\u00e9szeti rendszerek megtervez\u00e9s\u00e9t \u00e9s fejleszt\u00e9s\u00e9t jelenti. P\u00e9ld\u00e1k: Fogalma: az \u00e9p\u00fclet komfortj\u00e1t, eg\u00e9szs\u00e9ges m\u0171k\u00f6d\u00e9s\u00e9t \u00e9s energiahat\u00e9konys\u00e1g\u00e1t biztos\u00edt\u00f3 g\u00e9p\u00e9szeti rendszerek [&hellip;]<\/p>\n","protected":false},"author":1,"featured_media":0,"parent":0,"menu_order":0,"comment_status":"closed","ping_status":"closed","template":"","meta":{"footnotes":""},"class_list":["post-224","page","type-page","status-publish","hentry"],"_links":{"self":[{"href":"https:\/\/ampervadasz2025.hu\/index.php?rest_route=\/wp\/v2\/pages\/224","targetHints":{"allow":["GET"]}}],"collection":[{"href":"https:\/\/ampervadasz2025.hu\/index.php?rest_route=\/wp\/v2\/pages"}],"about":[{"href":"https:\/\/ampervadasz2025.hu\/index.php?rest_route=\/wp\/v2\/types\/page"}],"author":[{"embeddable":true,"href":"https:\/\/ampervadasz2025.hu\/index.php?rest_route=\/wp\/v2\/users\/1"}],"replies":[{"embeddable":true,"href":"https:\/\/ampervadasz2025.hu\/index.php?rest_route=%2Fwp%2Fv2%2Fcomments&post=224"}],"version-history":[{"count":2,"href":"https:\/\/ampervadasz2025.hu\/index.php?rest_route=\/wp\/v2\/pages\/224\/revisions"}],"predecessor-version":[{"id":235,"href":"https:\/\/ampervadasz2025.hu\/index.php?rest_route=\/wp\/v2\/pages\/224\/revisions\/235"}],"wp:attachment":[{"href":"https:\/\/ampervadasz2025.hu\/index.php?rest_route=%2Fwp%2Fv2%2Fmedia&parent=224"}],"curies":[{"name":"wp","href":"https:\/\/api.w.org\/{rel}","templated":true}]}}