{"id":218,"date":"2026-02-17T17:42:36","date_gmt":"2026-02-17T17:42:36","guid":{"rendered":"https:\/\/ampervadasz2025.hu\/?page_id=218"},"modified":"2026-02-17T17:46:57","modified_gmt":"2026-02-17T17:46:57","slug":"epuletgepeszet","status":"publish","type":"page","link":"https:\/\/ampervadasz2025.hu\/?page_id=218","title":{"rendered":"\u00c9p\u00fcletg\u00e9p\u00e9szet"},"content":{"rendered":"\n<p>\u00c1ltal\u00e1ban az al\u00e1bbi f\u0151 ter\u00fcleteket \u00e9rtj\u00fck alatta:<\/p>\n\n\n\n<ul class=\"wp-block-list\">\n<li><strong>F\u0171t\u00e9s<\/strong> (kaz\u00e1nok, h\u0151szivatty\u00fak, radi\u00e1torok, padl\u00f3f\u0171t\u00e9s, t\u00e1vf\u0171t\u00e9s rendszerek)<\/li>\n\n\n\n<li><strong>H\u0171t\u00e9s \u00e9s l\u00e9gkondicion\u00e1l\u00e1s<\/strong> (kl\u00edmaberendez\u00e9sek, h\u0171t\u0151g\u00e9pek, fan-coilok)<\/li>\n\n\n\n<li><strong>Szell\u0151z\u00e9s, l\u00e9gtechnika<\/strong> (frissleveg\u0151-ell\u00e1t\u00e1s, elsz\u00edv\u00e1s, l\u00e9gcsatorn\u00e1k, sz\u0171r\u00e9s)<\/li>\n\n\n\n<li><strong>V\u00edzell\u00e1t\u00e1s \u00e9s csatorn\u00e1z\u00e1s<\/strong> (iv\u00f3v\u00edz, haszn\u00e1lati melegv\u00edz, szennyv\u00edz, es\u0151v\u00edz rendszerek)<\/li>\n\n\n\n<li><strong>G\u00e1zell\u00e1t\u00e1s<\/strong> (vezet\u00e9kes g\u00e1z, tart\u00e1lyos g\u00e1z)<\/li>\n\n\n\n<li><strong>T\u0171zv\u00e9delmi berendez\u00e9sek<\/strong> (sprinkler, f\u00fcstelsz\u00edv\u00e1s, h\u0151- \u00e9s f\u00fcstelvezet\u00e9s)<\/li>\n\n\n\n<li><strong>Meg\u00fajul\u00f3 energiahasznos\u00edt\u00e1s<\/strong> (napkollektor, napelem kapcsol\u00f3d\u00f3 g\u00e9p\u00e9szet, geotermikus rendszerek)<\/li>\n\n\n\n<li><strong>\u00c9p\u00fcletautomatiz\u00e1l\u00e1s \u00e9s szab\u00e1lyoz\u00e1s<\/strong> (okos vez\u00e9rl\u00e9sek, energiamenedzsment rendszerek)<\/li>\n<\/ul>\n\n\n\n<p><\/p>\n","protected":false},"excerpt":{"rendered":"<p>\u00c1ltal\u00e1ban az al\u00e1bbi f\u0151 ter\u00fcleteket \u00e9rtj\u00fck alatta:<\/p>\n","protected":false},"author":1,"featured_media":0,"parent":0,"menu_order":0,"comment_status":"closed","ping_status":"closed","template":"","meta":{"footnotes":""},"class_list":["post-218","page","type-page","status-publish","hentry"],"_links":{"self":[{"href":"https:\/\/ampervadasz2025.hu\/index.php?rest_route=\/wp\/v2\/pages\/218","targetHints":{"allow":["GET"]}}],"collection":[{"href":"https:\/\/ampervadasz2025.hu\/index.php?rest_route=\/wp\/v2\/pages"}],"about":[{"href":"https:\/\/ampervadasz2025.hu\/index.php?rest_route=\/wp\/v2\/types\/page"}],"author":[{"embeddable":true,"href":"https:\/\/ampervadasz2025.hu\/index.php?rest_route=\/wp\/v2\/users\/1"}],"replies":[{"embeddable":true,"href":"https:\/\/ampervadasz2025.hu\/index.php?rest_route=%2Fwp%2Fv2%2Fcomments&post=218"}],"version-history":[{"count":2,"href":"https:\/\/ampervadasz2025.hu\/index.php?rest_route=\/wp\/v2\/pages\/218\/revisions"}],"predecessor-version":[{"id":233,"href":"https:\/\/ampervadasz2025.hu\/index.php?rest_route=\/wp\/v2\/pages\/218\/revisions\/233"}],"wp:attachment":[{"href":"https:\/\/ampervadasz2025.hu\/index.php?rest_route=%2Fwp%2Fv2%2Fmedia&parent=218"}],"curies":[{"name":"wp","href":"https:\/\/api.w.org\/{rel}","templated":true}]}}