{"id":214,"date":"2026-02-17T17:42:00","date_gmt":"2026-02-17T17:42:00","guid":{"rendered":"https:\/\/ampervadasz2025.hu\/?page_id=214"},"modified":"2026-02-17T17:47:41","modified_gmt":"2026-02-17T17:47:41","slug":"villanyszereles-lakossagi-es-ipari","status":"publish","type":"page","link":"https:\/\/ampervadasz2025.hu\/?page_id=214","title":{"rendered":"Villanyszerel\u00e9s lakoss\u00e1gi \u00e9s ipari"},"content":{"rendered":"\n<p>Munkafolyamat f\u0151 l\u00e9p\u00e9sei<\/p>\n\n\n\n<ol class=\"wp-block-list\">\n<li><strong>Tervez\u00e9s<\/strong>\n<ul class=\"wp-block-list\">\n<li>\u00c1ramk\u00f6r\u00f6k elhelyez\u00e9s\u00e9nek megtervez\u00e9se<\/li>\n\n\n\n<li>Terhelhet\u0151s\u00e9g kisz\u00e1m\u00edt\u00e1sa<\/li>\n\n\n\n<li>Biztons\u00e1gi el\u0151\u00edr\u00e1sok figyelembev\u00e9tele<\/li>\n<\/ul>\n<\/li>\n\n\n\n<li><strong>El\u0151k\u00e9sz\u00edt\u00e9s<\/strong>\n<ul class=\"wp-block-list\">\n<li>Vezet\u00e9kcsatorn\u00e1k, v\u00e9d\u0151cs\u00f6vek, dobozok ki\u00e9p\u00edt\u00e9se<\/li>\n\n\n\n<li>K\u00e1belh\u00faz\u00e1s<\/li>\n<\/ul>\n<\/li>\n\n\n\n<li><strong>Bek\u00f6t\u00e9s<\/strong>\n<ul class=\"wp-block-list\">\n<li>Vezet\u00e9kek szakszer\u0171 blankol\u00e1sa, bek\u00f6t\u00e9se a megfelel\u0151 sorkapcsokba<\/li>\n\n\n\n<li>F\u00f6ldel\u00e9s \u00e9s \u00e9rint\u00e9sv\u00e9delem biztos\u00edt\u00e1sa<\/li>\n<\/ul>\n<\/li>\n\n\n\n<li><strong>Szerelv\u00e9nyek felszerel\u00e9se<\/strong>\n<ul class=\"wp-block-list\">\n<li>Kapcsol\u00f3k, konnektorok, l\u00e1mp\u00e1k, biztos\u00edt\u00e9kok beszerel\u00e9se<\/li>\n<\/ul>\n<\/li>\n\n\n\n<li><strong>Ellen\u0151rz\u00e9s \u00e9s m\u00e9r\u00e9s<\/strong>\n<ul class=\"wp-block-list\">\n<li>Szigetel\u00e9si ellen\u00e1ll\u00e1s m\u00e9r\u00e9se<\/li>\n\n\n\n<li>\u00c1ramk\u00f6r\u00f6k m\u0171k\u00f6d\u00e9s\u00e9nek ellen\u0151rz\u00e9se<\/li>\n\n\n\n<li>Pr\u00f3ba\u00fczem<\/li>\n<\/ul>\n<\/li>\n<\/ol>\n","protected":false},"excerpt":{"rendered":"<p>Munkafolyamat f\u0151 l\u00e9p\u00e9sei<\/p>\n","protected":false},"author":1,"featured_media":0,"parent":0,"menu_order":0,"comment_status":"closed","ping_status":"closed","template":"","meta":{"footnotes":""},"class_list":["post-214","page","type-page","status-publish","hentry"],"_links":{"self":[{"href":"https:\/\/ampervadasz2025.hu\/index.php?rest_route=\/wp\/v2\/pages\/214","targetHints":{"allow":["GET"]}}],"collection":[{"href":"https:\/\/ampervadasz2025.hu\/index.php?rest_route=\/wp\/v2\/pages"}],"about":[{"href":"https:\/\/ampervadasz2025.hu\/index.php?rest_route=\/wp\/v2\/types\/page"}],"author":[{"embeddable":true,"href":"https:\/\/ampervadasz2025.hu\/index.php?rest_route=\/wp\/v2\/users\/1"}],"replies":[{"embeddable":true,"href":"https:\/\/ampervadasz2025.hu\/index.php?rest_route=%2Fwp%2Fv2%2Fcomments&post=214"}],"version-history":[{"count":2,"href":"https:\/\/ampervadasz2025.hu\/index.php?rest_route=\/wp\/v2\/pages\/214\/revisions"}],"predecessor-version":[{"id":234,"href":"https:\/\/ampervadasz2025.hu\/index.php?rest_route=\/wp\/v2\/pages\/214\/revisions\/234"}],"wp:attachment":[{"href":"https:\/\/ampervadasz2025.hu\/index.php?rest_route=%2Fwp%2Fv2%2Fmedia&parent=214"}],"curies":[{"name":"wp","href":"https:\/\/api.w.org\/{rel}","templated":true}]}}