{"id":177,"date":"2026-02-17T16:10:57","date_gmt":"2026-02-17T16:10:57","guid":{"rendered":"https:\/\/ampervadasz2025.hu\/?page_id=177"},"modified":"2026-02-17T16:10:57","modified_gmt":"2026-02-17T16:10:57","slug":"szakacs-tanmuhely-villanyszerelesi-munkai","status":"publish","type":"page","link":"https:\/\/ampervadasz2025.hu\/?page_id=177","title":{"rendered":"Szak\u00e1cs Tanm\u00fchely villanyszerel\u00e9si munk\u00e1i"},"content":{"rendered":"\n<figure class=\"wp-block-gallery has-nested-images columns-default is-cropped wp-block-gallery-1 is-layout-flex wp-block-gallery-is-layout-flex\">\n<figure class=\"wp-block-image size-large\"><img loading=\"lazy\" decoding=\"async\" width=\"768\" height=\"1024\" data-id=\"180\" src=\"https:\/\/ampervadasz2025.hu\/wp-content\/uploads\/2026\/02\/compressed_last_5-768x1024.jpg\" alt=\"\" class=\"wp-image-180\" srcset=\"https:\/\/ampervadasz2025.hu\/wp-content\/uploads\/2026\/02\/compressed_last_5-768x1024.jpg 768w, https:\/\/ampervadasz2025.hu\/wp-content\/uploads\/2026\/02\/compressed_last_5-225x300.jpg 225w, https:\/\/ampervadasz2025.hu\/wp-content\/uploads\/2026\/02\/compressed_last_5-1152x1536.jpg 1152w, https:\/\/ampervadasz2025.hu\/wp-content\/uploads\/2026\/02\/compressed_last_5.jpg 1536w\" sizes=\"auto, (max-width: 768px) 100vw, 768px\" \/><\/figure>\n\n\n\n<figure class=\"wp-block-image size-large\"><img loading=\"lazy\" decoding=\"async\" width=\"768\" height=\"1024\" data-id=\"179\" src=\"https:\/\/ampervadasz2025.hu\/wp-content\/uploads\/2026\/02\/compressed_last_6-768x1024.jpg\" alt=\"\" class=\"wp-image-179\" srcset=\"https:\/\/ampervadasz2025.hu\/wp-content\/uploads\/2026\/02\/compressed_last_6-768x1024.jpg 768w, https:\/\/ampervadasz2025.hu\/wp-content\/uploads\/2026\/02\/compressed_last_6-225x300.jpg 225w, https:\/\/ampervadasz2025.hu\/wp-content\/uploads\/2026\/02\/compressed_last_6-1152x1536.jpg 1152w, https:\/\/ampervadasz2025.hu\/wp-content\/uploads\/2026\/02\/compressed_last_6.jpg 1536w\" sizes=\"auto, (max-width: 768px) 100vw, 768px\" \/><\/figure>\n\n\n\n<figure class=\"wp-block-image size-large\"><img loading=\"lazy\" decoding=\"async\" width=\"768\" height=\"1024\" data-id=\"182\" src=\"https:\/\/ampervadasz2025.hu\/wp-content\/uploads\/2026\/02\/compressed_last_1-768x1024.jpg\" alt=\"\" class=\"wp-image-182\" srcset=\"https:\/\/ampervadasz2025.hu\/wp-content\/uploads\/2026\/02\/compressed_last_1-768x1024.jpg 768w, https:\/\/ampervadasz2025.hu\/wp-content\/uploads\/2026\/02\/compressed_last_1-225x300.jpg 225w, https:\/\/ampervadasz2025.hu\/wp-content\/uploads\/2026\/02\/compressed_last_1-1152x1536.jpg 1152w, https:\/\/ampervadasz2025.hu\/wp-content\/uploads\/2026\/02\/compressed_last_1.jpg 1536w\" sizes=\"auto, (max-width: 768px) 100vw, 768px\" \/><\/figure>\n\n\n\n<figure class=\"wp-block-image size-large\"><img loading=\"lazy\" decoding=\"async\" width=\"1024\" height=\"768\" data-id=\"178\" src=\"https:\/\/ampervadasz2025.hu\/wp-content\/uploads\/2026\/02\/compressed_last_3-1024x768.jpg\" alt=\"\" class=\"wp-image-178\" srcset=\"https:\/\/ampervadasz2025.hu\/wp-content\/uploads\/2026\/02\/compressed_last_3-1024x768.jpg 1024w, https:\/\/ampervadasz2025.hu\/wp-content\/uploads\/2026\/02\/compressed_last_3-300x225.jpg 300w, https:\/\/ampervadasz2025.hu\/wp-content\/uploads\/2026\/02\/compressed_last_3-768x576.jpg 768w, https:\/\/ampervadasz2025.hu\/wp-content\/uploads\/2026\/02\/compressed_last_3-1536x1152.jpg 1536w, https:\/\/ampervadasz2025.hu\/wp-content\/uploads\/2026\/02\/compressed_last_3.jpg 2048w\" sizes=\"auto, (max-width: 1024px) 100vw, 1024px\" \/><\/figure>\n\n\n\n<figure class=\"wp-block-image size-large\"><img loading=\"lazy\" decoding=\"async\" width=\"768\" height=\"1024\" data-id=\"181\" src=\"https:\/\/ampervadasz2025.hu\/wp-content\/uploads\/2026\/02\/compressed_last_4-768x1024.jpg\" alt=\"\" class=\"wp-image-181\" srcset=\"https:\/\/ampervadasz2025.hu\/wp-content\/uploads\/2026\/02\/compressed_last_4-768x1024.jpg 768w, https:\/\/ampervadasz2025.hu\/wp-content\/uploads\/2026\/02\/compressed_last_4-225x300.jpg 225w, https:\/\/ampervadasz2025.hu\/wp-content\/uploads\/2026\/02\/compressed_last_4-1152x1536.jpg 1152w, https:\/\/ampervadasz2025.hu\/wp-content\/uploads\/2026\/02\/compressed_last_4.jpg 1536w\" sizes=\"auto, (max-width: 768px) 100vw, 768px\" \/><\/figure>\n<\/figure>\n","protected":false},"excerpt":{"rendered":"","protected":false},"author":1,"featured_media":0,"parent":0,"menu_order":0,"comment_status":"closed","ping_status":"closed","template":"","meta":{"footnotes":""},"class_list":["post-177","page","type-page","status-publish","hentry"],"_links":{"self":[{"href":"https:\/\/ampervadasz2025.hu\/index.php?rest_route=\/wp\/v2\/pages\/177","targetHints":{"allow":["GET"]}}],"collection":[{"href":"https:\/\/ampervadasz2025.hu\/index.php?rest_route=\/wp\/v2\/pages"}],"about":[{"href":"https:\/\/ampervadasz2025.hu\/index.php?rest_route=\/wp\/v2\/types\/page"}],"author":[{"embeddable":true,"href":"https:\/\/ampervadasz2025.hu\/index.php?rest_route=\/wp\/v2\/users\/1"}],"replies":[{"embeddable":true,"href":"https:\/\/ampervadasz2025.hu\/index.php?rest_route=%2Fwp%2Fv2%2Fcomments&post=177"}],"version-history":[{"count":1,"href":"https:\/\/ampervadasz2025.hu\/index.php?rest_route=\/wp\/v2\/pages\/177\/revisions"}],"predecessor-version":[{"id":185,"href":"https:\/\/ampervadasz2025.hu\/index.php?rest_route=\/wp\/v2\/pages\/177\/revisions\/185"}],"wp:attachment":[{"href":"https:\/\/ampervadasz2025.hu\/index.php?rest_route=%2Fwp%2Fv2%2Fmedia&parent=177"}],"curies":[{"name":"wp","href":"https:\/\/api.w.org\/{rel}","templated":true}]}}