{"id":129,"date":"2026-02-17T15:49:33","date_gmt":"2026-02-17T15:49:33","guid":{"rendered":"https:\/\/ampervadasz2025.hu\/?page_id=129"},"modified":"2026-02-17T15:49:33","modified_gmt":"2026-02-17T15:49:33","slug":"budapesti-gyogyszerraktar-veszhelyzeti-rendszer-kiepitese","status":"publish","type":"page","link":"https:\/\/ampervadasz2025.hu\/?page_id=129","title":{"rendered":"Budapesti Gy\u00f3gyszerrakt\u00e1r v\u00e9szhelyzeti rendszer ki\u00e9pit\u00e9se"},"content":{"rendered":"\n\n\n<figure class=\"wp-block-gallery has-nested-images columns-default is-cropped wp-block-gallery-1 is-layout-flex wp-block-gallery-is-layout-flex\">\n<figure class=\"wp-block-image size-large\"><img decoding=\"async\" data-id=\"135\" src=\"https:\/\/ampervadasz2025.hu\/wp-content\/uploads\/2026\/02\/1771191706312-2-768x1024.jpg\" alt=\"\" class=\"wp-image-135\"\/><\/figure>\n<\/figure>\n\n\n\n<figure class=\"wp-block-image size-large\"><img decoding=\"async\" src=\"https:\/\/ampervadasz2025.hu\/wp-content\/uploads\/2026\/02\/1771191706363-3-1024x768.jpg\" alt=\"\" class=\"wp-image-136\"\/><\/figure>\n\n\n\n<figure class=\"wp-block-gallery has-nested-images columns-default is-cropped wp-block-gallery-2 is-layout-flex wp-block-gallery-is-layout-flex\">\n<figure class=\"wp-block-image size-large\"><img loading=\"lazy\" decoding=\"async\" width=\"768\" height=\"1024\" data-id=\"146\" src=\"https:\/\/ampervadasz2025.hu\/wp-content\/uploads\/2026\/02\/compressed_4-768x1024.jpg\" alt=\"\" class=\"wp-image-146\" srcset=\"https:\/\/ampervadasz2025.hu\/wp-content\/uploads\/2026\/02\/compressed_4-768x1024.jpg 768w, https:\/\/ampervadasz2025.hu\/wp-content\/uploads\/2026\/02\/compressed_4-225x300.jpg 225w, https:\/\/ampervadasz2025.hu\/wp-content\/uploads\/2026\/02\/compressed_4-1152x1536.jpg 1152w, https:\/\/ampervadasz2025.hu\/wp-content\/uploads\/2026\/02\/compressed_4.jpg 1536w\" sizes=\"auto, (max-width: 768px) 100vw, 768px\" \/><\/figure>\n<\/figure>\n\n\n\n<figure class=\"wp-block-image size-large\"><img loading=\"lazy\" decoding=\"async\" width=\"1024\" height=\"768\" src=\"https:\/\/ampervadasz2025.hu\/wp-content\/uploads\/2026\/02\/compressed_3-1024x768.jpg\" alt=\"\" class=\"wp-image-147\" srcset=\"https:\/\/ampervadasz2025.hu\/wp-content\/uploads\/2026\/02\/compressed_3-1024x768.jpg 1024w, https:\/\/ampervadasz2025.hu\/wp-content\/uploads\/2026\/02\/compressed_3-300x225.jpg 300w, https:\/\/ampervadasz2025.hu\/wp-content\/uploads\/2026\/02\/compressed_3-768x576.jpg 768w, https:\/\/ampervadasz2025.hu\/wp-content\/uploads\/2026\/02\/compressed_3-1536x1152.jpg 1536w, https:\/\/ampervadasz2025.hu\/wp-content\/uploads\/2026\/02\/compressed_3.jpg 2048w\" sizes=\"auto, (max-width: 1024px) 100vw, 1024px\" \/><\/figure>\n\n\n\n<figure class=\"wp-block-image size-large\"><img decoding=\"async\" src=\"https:\/\/ampervadasz2025.hu\/wp-content\/uploads\/2026\/02\/compressed_5-768x1024.jpg\" alt=\"\" class=\"wp-image-148\"\/><\/figure>\n\n\n\n<figure class=\"wp-block-image size-large\"><img loading=\"lazy\" decoding=\"async\" width=\"1024\" height=\"768\" src=\"https:\/\/ampervadasz2025.hu\/wp-content\/uploads\/2026\/02\/compressed_11-1024x768.jpg\" alt=\"\" class=\"wp-image-149\" srcset=\"https:\/\/ampervadasz2025.hu\/wp-content\/uploads\/2026\/02\/compressed_11-1024x768.jpg 1024w, https:\/\/ampervadasz2025.hu\/wp-content\/uploads\/2026\/02\/compressed_11-300x225.jpg 300w, https:\/\/ampervadasz2025.hu\/wp-content\/uploads\/2026\/02\/compressed_11-768x576.jpg 768w, https:\/\/ampervadasz2025.hu\/wp-content\/uploads\/2026\/02\/compressed_11-1536x1152.jpg 1536w, https:\/\/ampervadasz2025.hu\/wp-content\/uploads\/2026\/02\/compressed_11.jpg 2048w\" sizes=\"auto, (max-width: 1024px) 100vw, 1024px\" \/><\/figure>\n\n\n\n<figure class=\"wp-block-image size-large\"><img loading=\"lazy\" decoding=\"async\" width=\"1024\" height=\"768\" src=\"https:\/\/ampervadasz2025.hu\/wp-content\/uploads\/2026\/02\/compressed_2-1024x768.jpg\" alt=\"\" class=\"wp-image-150\" srcset=\"https:\/\/ampervadasz2025.hu\/wp-content\/uploads\/2026\/02\/compressed_2-1024x768.jpg 1024w, https:\/\/ampervadasz2025.hu\/wp-content\/uploads\/2026\/02\/compressed_2-300x225.jpg 300w, https:\/\/ampervadasz2025.hu\/wp-content\/uploads\/2026\/02\/compressed_2-768x576.jpg 768w, https:\/\/ampervadasz2025.hu\/wp-content\/uploads\/2026\/02\/compressed_2-1536x1152.jpg 1536w, https:\/\/ampervadasz2025.hu\/wp-content\/uploads\/2026\/02\/compressed_2.jpg 2048w\" sizes=\"auto, (max-width: 1024px) 100vw, 1024px\" \/><\/figure>\n\n\n\n<figure class=\"wp-block-image size-large\"><img loading=\"lazy\" decoding=\"async\" width=\"768\" height=\"1024\" src=\"https:\/\/ampervadasz2025.hu\/wp-content\/uploads\/2026\/02\/compressed_1-768x1024.jpg\" alt=\"\" class=\"wp-image-151\" srcset=\"https:\/\/ampervadasz2025.hu\/wp-content\/uploads\/2026\/02\/compressed_1-768x1024.jpg 768w, https:\/\/ampervadasz2025.hu\/wp-content\/uploads\/2026\/02\/compressed_1-225x300.jpg 225w, https:\/\/ampervadasz2025.hu\/wp-content\/uploads\/2026\/02\/compressed_1-1152x1536.jpg 1152w, https:\/\/ampervadasz2025.hu\/wp-content\/uploads\/2026\/02\/compressed_1.jpg 1536w\" sizes=\"auto, (max-width: 768px) 100vw, 768px\" \/><\/figure>\n\n\n\n<figure class=\"wp-block-image size-large\"><img loading=\"lazy\" decoding=\"async\" width=\"1024\" height=\"768\" src=\"https:\/\/ampervadasz2025.hu\/wp-content\/uploads\/2026\/02\/compressed_12-1024x768.jpg\" alt=\"\" class=\"wp-image-152\" srcset=\"https:\/\/ampervadasz2025.hu\/wp-content\/uploads\/2026\/02\/compressed_12-1024x768.jpg 1024w, https:\/\/ampervadasz2025.hu\/wp-content\/uploads\/2026\/02\/compressed_12-300x225.jpg 300w, https:\/\/ampervadasz2025.hu\/wp-content\/uploads\/2026\/02\/compressed_12-768x576.jpg 768w, https:\/\/ampervadasz2025.hu\/wp-content\/uploads\/2026\/02\/compressed_12-1536x1152.jpg 1536w, https:\/\/ampervadasz2025.hu\/wp-content\/uploads\/2026\/02\/compressed_12.jpg 2048w\" sizes=\"auto, (max-width: 1024px) 100vw, 1024px\" \/><\/figure>\n","protected":false},"excerpt":{"rendered":"","protected":false},"author":1,"featured_media":0,"parent":0,"menu_order":0,"comment_status":"closed","ping_status":"closed","template":"","meta":{"footnotes":""},"class_list":["post-129","page","type-page","status-publish","hentry"],"_links":{"self":[{"href":"https:\/\/ampervadasz2025.hu\/index.php?rest_route=\/wp\/v2\/pages\/129","targetHints":{"allow":["GET"]}}],"collection":[{"href":"https:\/\/ampervadasz2025.hu\/index.php?rest_route=\/wp\/v2\/pages"}],"about":[{"href":"https:\/\/ampervadasz2025.hu\/index.php?rest_route=\/wp\/v2\/types\/page"}],"author":[{"embeddable":true,"href":"https:\/\/ampervadasz2025.hu\/index.php?rest_route=\/wp\/v2\/users\/1"}],"replies":[{"embeddable":true,"href":"https:\/\/ampervadasz2025.hu\/index.php?rest_route=%2Fwp%2Fv2%2Fcomments&post=129"}],"version-history":[{"count":1,"href":"https:\/\/ampervadasz2025.hu\/index.php?rest_route=\/wp\/v2\/pages\/129\/revisions"}],"predecessor-version":[{"id":156,"href":"https:\/\/ampervadasz2025.hu\/index.php?rest_route=\/wp\/v2\/pages\/129\/revisions\/156"}],"wp:attachment":[{"href":"https:\/\/ampervadasz2025.hu\/index.php?rest_route=%2Fwp%2Fv2%2Fmedia&parent=129"}],"curies":[{"name":"wp","href":"https:\/\/api.w.org\/{rel}","templated":true}]}}