{"id":118,"date":"2026-02-17T15:26:11","date_gmt":"2026-02-17T15:26:11","guid":{"rendered":"https:\/\/ampervadasz2025.hu\/?page_id=118"},"modified":"2026-02-17T16:02:55","modified_gmt":"2026-02-17T16:02:55","slug":"projekt","status":"publish","type":"page","link":"https:\/\/ampervadasz2025.hu\/?page_id=118","title":{"rendered":"22.ker\u00fcleti csal\u00e1di h\u00e1z"},"content":{"rendered":"\n<figure class=\"wp-block-gallery has-nested-images columns-default is-cropped wp-block-gallery-1 is-layout-flex wp-block-gallery-is-layout-flex\">\n<figure class=\"wp-block-image size-large\"><img loading=\"lazy\" decoding=\"async\" width=\"1024\" height=\"768\" data-id=\"161\" src=\"https:\/\/ampervadasz2025.hu\/wp-content\/uploads\/2026\/02\/compressed_new_1-1024x768.jpg\" alt=\"\" class=\"wp-image-161\" srcset=\"https:\/\/ampervadasz2025.hu\/wp-content\/uploads\/2026\/02\/compressed_new_1-1024x768.jpg 1024w, https:\/\/ampervadasz2025.hu\/wp-content\/uploads\/2026\/02\/compressed_new_1-300x225.jpg 300w, https:\/\/ampervadasz2025.hu\/wp-content\/uploads\/2026\/02\/compressed_new_1-768x576.jpg 768w, https:\/\/ampervadasz2025.hu\/wp-content\/uploads\/2026\/02\/compressed_new_1-1536x1152.jpg 1536w, https:\/\/ampervadasz2025.hu\/wp-content\/uploads\/2026\/02\/compressed_new_1.jpg 2048w\" sizes=\"auto, (max-width: 1024px) 100vw, 1024px\" \/><\/figure>\n<\/figure>\n\n\n\n<figure class=\"wp-block-image size-large\"><img loading=\"lazy\" decoding=\"async\" width=\"1024\" height=\"768\" src=\"https:\/\/ampervadasz2025.hu\/wp-content\/uploads\/2026\/02\/compressed_new_4-1024x768.jpg\" alt=\"\" class=\"wp-image-163\" srcset=\"https:\/\/ampervadasz2025.hu\/wp-content\/uploads\/2026\/02\/compressed_new_4-1024x768.jpg 1024w, https:\/\/ampervadasz2025.hu\/wp-content\/uploads\/2026\/02\/compressed_new_4-300x225.jpg 300w, https:\/\/ampervadasz2025.hu\/wp-content\/uploads\/2026\/02\/compressed_new_4-768x576.jpg 768w, https:\/\/ampervadasz2025.hu\/wp-content\/uploads\/2026\/02\/compressed_new_4-1536x1152.jpg 1536w, https:\/\/ampervadasz2025.hu\/wp-content\/uploads\/2026\/02\/compressed_new_4.jpg 2048w\" sizes=\"auto, (max-width: 1024px) 100vw, 1024px\" \/><\/figure>\n\n\n\n<figure class=\"wp-block-image size-large\"><img loading=\"lazy\" decoding=\"async\" width=\"768\" height=\"1024\" src=\"https:\/\/ampervadasz2025.hu\/wp-content\/uploads\/2026\/02\/compressed_new_7-768x1024.jpg\" alt=\"\" class=\"wp-image-166\" srcset=\"https:\/\/ampervadasz2025.hu\/wp-content\/uploads\/2026\/02\/compressed_new_7-768x1024.jpg 768w, https:\/\/ampervadasz2025.hu\/wp-content\/uploads\/2026\/02\/compressed_new_7-225x300.jpg 225w, https:\/\/ampervadasz2025.hu\/wp-content\/uploads\/2026\/02\/compressed_new_7-1152x1536.jpg 1152w, https:\/\/ampervadasz2025.hu\/wp-content\/uploads\/2026\/02\/compressed_new_7.jpg 1536w\" sizes=\"auto, (max-width: 768px) 100vw, 768px\" \/><\/figure>\n\n\n\n<figure class=\"wp-block-image size-large\"><img loading=\"lazy\" decoding=\"async\" width=\"768\" height=\"1024\" src=\"https:\/\/ampervadasz2025.hu\/wp-content\/uploads\/2026\/02\/compressed_new_20-768x1024.jpg\" alt=\"\" class=\"wp-image-167\" srcset=\"https:\/\/ampervadasz2025.hu\/wp-content\/uploads\/2026\/02\/compressed_new_20-768x1024.jpg 768w, https:\/\/ampervadasz2025.hu\/wp-content\/uploads\/2026\/02\/compressed_new_20-225x300.jpg 225w, https:\/\/ampervadasz2025.hu\/wp-content\/uploads\/2026\/02\/compressed_new_20-1152x1536.jpg 1152w, https:\/\/ampervadasz2025.hu\/wp-content\/uploads\/2026\/02\/compressed_new_20.jpg 1536w\" sizes=\"auto, (max-width: 768px) 100vw, 768px\" \/><\/figure>\n\n\n\n<figure class=\"wp-block-image size-large\"><img loading=\"lazy\" decoding=\"async\" width=\"1024\" height=\"768\" src=\"https:\/\/ampervadasz2025.hu\/wp-content\/uploads\/2026\/02\/compressed_new_12-1024x768.jpg\" alt=\"\" class=\"wp-image-168\" srcset=\"https:\/\/ampervadasz2025.hu\/wp-content\/uploads\/2026\/02\/compressed_new_12-1024x768.jpg 1024w, https:\/\/ampervadasz2025.hu\/wp-content\/uploads\/2026\/02\/compressed_new_12-300x225.jpg 300w, https:\/\/ampervadasz2025.hu\/wp-content\/uploads\/2026\/02\/compressed_new_12-768x576.jpg 768w, https:\/\/ampervadasz2025.hu\/wp-content\/uploads\/2026\/02\/compressed_new_12-1536x1152.jpg 1536w, https:\/\/ampervadasz2025.hu\/wp-content\/uploads\/2026\/02\/compressed_new_12.jpg 2048w\" sizes=\"auto, (max-width: 1024px) 100vw, 1024px\" \/><\/figure>\n\n\n\n<figure class=\"wp-block-image size-large\"><img loading=\"lazy\" decoding=\"async\" width=\"768\" height=\"1024\" src=\"https:\/\/ampervadasz2025.hu\/wp-content\/uploads\/2026\/02\/compressed_new_18-768x1024.jpg\" alt=\"\" class=\"wp-image-169\" srcset=\"https:\/\/ampervadasz2025.hu\/wp-content\/uploads\/2026\/02\/compressed_new_18-768x1024.jpg 768w, https:\/\/ampervadasz2025.hu\/wp-content\/uploads\/2026\/02\/compressed_new_18-225x300.jpg 225w, https:\/\/ampervadasz2025.hu\/wp-content\/uploads\/2026\/02\/compressed_new_18-1152x1536.jpg 1152w, https:\/\/ampervadasz2025.hu\/wp-content\/uploads\/2026\/02\/compressed_new_18.jpg 1536w\" sizes=\"auto, (max-width: 768px) 100vw, 768px\" \/><\/figure>\n","protected":false},"excerpt":{"rendered":"","protected":false},"author":1,"featured_media":0,"parent":0,"menu_order":0,"comment_status":"closed","ping_status":"closed","template":"","meta":{"footnotes":""},"class_list":["post-118","page","type-page","status-publish","hentry"],"_links":{"self":[{"href":"https:\/\/ampervadasz2025.hu\/index.php?rest_route=\/wp\/v2\/pages\/118","targetHints":{"allow":["GET"]}}],"collection":[{"href":"https:\/\/ampervadasz2025.hu\/index.php?rest_route=\/wp\/v2\/pages"}],"about":[{"href":"https:\/\/ampervadasz2025.hu\/index.php?rest_route=\/wp\/v2\/types\/page"}],"author":[{"embeddable":true,"href":"https:\/\/ampervadasz2025.hu\/index.php?rest_route=\/wp\/v2\/users\/1"}],"replies":[{"embeddable":true,"href":"https:\/\/ampervadasz2025.hu\/index.php?rest_route=%2Fwp%2Fv2%2Fcomments&post=118"}],"version-history":[{"count":3,"href":"https:\/\/ampervadasz2025.hu\/index.php?rest_route=\/wp\/v2\/pages\/118\/revisions"}],"predecessor-version":[{"id":170,"href":"https:\/\/ampervadasz2025.hu\/index.php?rest_route=\/wp\/v2\/pages\/118\/revisions\/170"}],"wp:attachment":[{"href":"https:\/\/ampervadasz2025.hu\/index.php?rest_route=%2Fwp%2Fv2%2Fmedia&parent=118"}],"curies":[{"name":"wp","href":"https:\/\/api.w.org\/{rel}","templated":true}]}}